{"id":20203,"date":"2024-03-07T17:31:18","date_gmt":"2024-03-07T16:31:18","guid":{"rendered":"https:\/\/www.nettl.com\/nl\/?page_id=20203"},"modified":"2024-03-14T16:48:18","modified_gmt":"2024-03-14T15:48:18","slug":"landing-pages","status":"publish","type":"page","link":"https:\/\/www.nettl.com\/nl\/landing-pages\/","title":{"rendered":"Landing Pages"},"content":{"rendered":"\n<style type=\"text\/css\" data-created_by=\"avia_inline_auto\" id=\"style-css-av-llp0ne7m-e9191130aed567d702cde6bae262666f\">\n.avia-section.av-llp0ne7m-e9191130aed567d702cde6bae262666f{\nbackground-color:#848484;\nbackground-image:url(https:\/\/www.nettl.com\/nl\/wp-content\/uploads\/2024\/03\/Landing-Page-Header.jpg);\nbackground-repeat:no-repeat;\nbackground-position:50% 50%;\nbackground-attachment:scroll;\n}\n.avia-section.av-llp0ne7m-e9191130aed567d702cde6bae262666f .av-section-color-overlay{\nopacity:0.6;\nbackground-color:#000000;\n}\n#top .avia-section.av-llp0ne7m-e9191130aed567d702cde6bae262666f .scroll-down-link{\ncolor:#ffffff;\n}\n<\/style>\n<div id='av_section_1'  class='avia-section av-llp0ne7m-e9191130aed567d702cde6bae262666f main_color avia-section-default avia-no-border-styling  avia-builder-el-0  el_before_av_section  avia-builder-el-first  avia-bg-style-scroll av-section-color-overlay-active av-minimum-height av-minimum-height-75 av-height-75  container_wrap sidebar_right'  data-section-bg-repeat='no-repeat' data-av_minimum_height_pc='75' data-av_min_height_opt='75'><div class=\"av-section-color-overlay-wrap\"><div class=\"av-section-color-overlay\"><\/div><a href='#next-section' title='' class='scroll-down-link av-custom-scroll-down-color' aria-hidden='true' data-av_icon='\ue877' data-av_iconfont='entypo-fontello'><\/a><div class='container av-section-cont-open' ><main  role=\"main\" itemprop=\"mainContentOfPage\"  class='template-page content  av-content-small alpha units'><div class='post-entry post-entry-type-page post-entry-20203'><div class='entry-content-wrapper clearfix'>\n<div  class='flex_column av-1fq2ecl-f232e984e06680a63633d5ae833f5a8a av_one_half  avia-builder-el-1  el_before_av_one_half  avia-builder-el-first  first flex_column_div  '     ><style type=\"text\/css\" data-created_by=\"avia_inline_auto\" id=\"style-css-av-llp0o7pi-4289fa88d88b83ff2eec6928d59d18ba\">\n#top .av_textblock_section.av-llp0o7pi-4289fa88d88b83ff2eec6928d59d18ba .avia_textblock{\ncolor:#ffffff;\n}\n<\/style>\n<section  class='av_textblock_section av-llp0o7pi-4289fa88d88b83ff2eec6928d59d18ba '   itemscope=\"itemscope\" itemtype=\"https:\/\/schema.org\/CreativeWork\" ><div class='avia_textblock av_inherit_color'  itemprop=\"text\" ><h1 style=\"color: white;\">Leve de landingspagina van de website<\/h1>\n<h2 style=\"color: white;\"><em>Een zeer effectieve manier om online leads, boekingen of verkopen te genereren.<\/em><\/h2>\n<\/div><\/section><\/div><div  class='flex_column av-pl0nl1-ccce8f1381d56f3c3a19d26545e28ccf av_one_half  avia-builder-el-3  el_after_av_one_half  avia-builder-el-last  flex_column_div av-hide-on-mobile  '     ><\/div><\/div><\/div><\/main><!-- close content main element --><\/div><\/div><\/div>\n<style type=\"text\/css\" data-created_by=\"avia_inline_auto\" id=\"style-css-av-llp0skuq-c0fad5257414ae729cae2be5e7fd47c8\">\n.avia-section.av-llp0skuq-c0fad5257414ae729cae2be5e7fd47c8{\nbackground-color:#ffffff;\nbackground-image:unset;\n}\n<\/style>\n<div id='av_section_2'  class='avia-section av-llp0skuq-c0fad5257414ae729cae2be5e7fd47c8 main_color avia-section-small avia-no-border-styling  avia-builder-el-4  el_after_av_section  el_before_av_section  avia-bg-style-scroll container_wrap sidebar_right'  ><div class='container av-section-cont-open' ><div class='template-page content  av-content-small alpha units'><div class='post-entry post-entry-type-page post-entry-20203'><div class='entry-content-wrapper clearfix'>\n\n<style type=\"text\/css\" data-created_by=\"avia_inline_auto\" id=\"style-css-av-rvyd47-b25fc860e810faa0427d5e9ddd44cd79\">\n#top .hr.hr-invisible.av-rvyd47-b25fc860e810faa0427d5e9ddd44cd79{\nheight:50px;\n}\n<\/style>\n<div  class='hr av-rvyd47-b25fc860e810faa0427d5e9ddd44cd79 hr-invisible  avia-builder-el-5  el_before_av_two_fifth  avia-builder-el-first  av-mini-hide'><span class='hr-inner '><span class=\"hr-inner-style\"><\/span><\/span><\/div>\n<div  class='flex_column av-16pnath-12c0b8972a4003fcf08c8e07761ad537 av_two_fifth  avia-builder-el-6  el_after_av_hr  el_before_av_three_fifth  first flex_column_div  '     ><style type=\"text\/css\" data-created_by=\"avia_inline_auto\" id=\"style-css-av-llp0vr3c-5752979cc46720b858429fd22570c75b\">\n.avia-image-container.av-llp0vr3c-5752979cc46720b858429fd22570c75b img.avia_image{\nbox-shadow:none;\n}\n.avia-image-container.av-llp0vr3c-5752979cc46720b858429fd22570c75b .av-image-caption-overlay-center{\ncolor:#ffffff;\n}\n<\/style>\n<div  class='avia-image-container av-llp0vr3c-5752979cc46720b858429fd22570c75b av-styling- avia-align-center  avia-builder-el-7  avia-builder-el-no-sibling '   itemprop=\"image\" itemscope=\"itemscope\" itemtype=\"https:\/\/schema.org\/ImageObject\" ><div class=\"avia-image-container-inner\"><div class=\"avia-image-overlay-wrap\"><img decoding=\"async\" fetchpriority=\"high\" class='avia-img-lazy-loading-not- avia_image ' src=\"https:\/\/www.nettl.com\/uk\/wp-content\/uploads\/2023\/11\/pay-monthly-websites.png\" alt='' title=''   itemprop=\"thumbnailUrl\"  \/><\/div><\/div><\/div><\/div><div  class='flex_column av-nouith-5307b70b8482d43892f64edc6e77a031 av_three_fifth  avia-builder-el-8  el_after_av_two_fifth  avia-builder-el-last  flex_column_div  '     ><section  class='av_textblock_section av-llp0ygib-ffc2091c722f9634838c5f91827ccee2 '   itemscope=\"itemscope\" itemtype=\"https:\/\/schema.org\/CreativeWork\" ><div class='avia_textblock'  itemprop=\"text\" ><h2>Wat is een landingspagina?<\/h2>\n<p>Een landingspagina is een enkele webpagina die verschijnt voor een inkomende gebruiker als reactie op het klikken op een link van een resultatenpagina van een zoekmachine (SERP), een <a href=\"https:\/\/www.nettl.com\/nl\/pay-per-click\/\">online advertentie<\/a> of een e-mailmarketingcampagne. Ze tonen meestal specifieke inhoud die een logische uitbreiding is van de advertentie, het zoekresultaat of de link.<\/p>\n<h2>Waarom een landingspagina toevoegen aan uw website?<\/h2>\n<p>Landingspagina&#8217;s op websites geven je de flexibiliteit om extra inhoud aan je website toe te voegen die specifiek gericht is op \u00e9\u00e9n ding, zoals een nieuw product, dienst of evenement. Met een speciale pagina voor deze dingen, en \u00e9\u00e9n oproep tot actie, is de kans kleiner dat bezoekers worden afgeleid, en is de kans groter dat ze converteren.<\/p>\n<\/div><\/section><\/div><\/div><\/div><\/div><!-- close content main div --><\/div><\/div>\n<style type=\"text\/css\" data-created_by=\"avia_inline_auto\" id=\"style-css-av-llp2bcld-6c4218494475bce0e0ceebe871d883b6\">\n.avia-section.av-llp2bcld-6c4218494475bce0e0ceebe871d883b6{\nbackground-color:#ffffff;\nbackground-image:unset;\n}\n<\/style>\n<div id='av_section_3'  class='avia-section av-llp2bcld-6c4218494475bce0e0ceebe871d883b6 main_color avia-section-small avia-no-border-styling  avia-builder-el-10  el_after_av_section  el_before_av_section  av-mini-hide avia-bg-style-scroll container_wrap sidebar_right'  ><div class='container av-section-cont-open' ><div class='template-page content  av-content-small alpha units'><div class='post-entry post-entry-type-page post-entry-20203'><div class='entry-content-wrapper clearfix'>\n<div  class='flex_column av-3y1aalh-c865d39e4e96278522ac9838b88ee29b av_one_fourth  avia-builder-el-11  el_before_av_one_fourth  avia-builder-el-first  first flex_column_div av-hide-on-mobile  '     ><p>\n<style type=\"text\/css\" data-created_by=\"avia_inline_auto\" id=\"style-css-av-llp29v26-eda82233d47adadf56c15496dd47353e\">\n.av_font_icon.av-llp29v26-eda82233d47adadf56c15496dd47353e{\ncolor:#97c700;\nborder-color:#97c700;\n}\n.av_font_icon.av-llp29v26-eda82233d47adadf56c15496dd47353e .av-icon-char{\nfont-size:40px;\nline-height:40px;\n}\n<\/style>\n<span  class='av_font_icon av-llp29v26-eda82233d47adadf56c15496dd47353e avia_animate_when_visible av-icon-style- avia-icon-pos-center avia-icon-animate'><span class='av-icon-char' aria-hidden='true' data-av_icon='\ue856' data-av_iconfont='fontawesome' ><\/span><\/span><br \/>\n\n<style type=\"text\/css\" data-created_by=\"avia_inline_auto\" id=\"style-css-av-1ltrckl-e02d42ffeb597d247f0826a9ea5ff219\">\n#top .hr.hr-invisible.av-1ltrckl-e02d42ffeb597d247f0826a9ea5ff219{\nheight:20px;\n}\n<\/style>\n<div  class='hr av-1ltrckl-e02d42ffeb597d247f0826a9ea5ff219 hr-invisible  avia-builder-el-13  el_after_av_font_icon  el_before_av_textblock  av-mini-hide'><span class='hr-inner '><span class=\"hr-inner-style\"><\/span><\/span><\/div><br \/>\n<section  class='av_textblock_section av-llp2aqgu-63b0ddd7a681caae64fd8c569e899bc0 '   itemscope=\"itemscope\" itemtype=\"https:\/\/schema.org\/CreativeWork\" ><div class='avia_textblock'  itemprop=\"text\" ><h4 style=\"text-align: center;\">Gestroomlijnd<\/h4>\n<\/div><\/section><\/p><\/div><div  class='flex_column av-3n6pxr9-d83c04ea5e7bf82b819cd23bfd686214 av_one_fourth  avia-builder-el-15  el_after_av_one_fourth  el_before_av_one_fourth  flex_column_div av-hide-on-mobile  '     ><p>\n<style type=\"text\/css\" data-created_by=\"avia_inline_auto\" id=\"style-css-av-34jupb9-0294ad1c0d67684e3991d614e6a54efd\">\n.av_font_icon.av-34jupb9-0294ad1c0d67684e3991d614e6a54efd{\ncolor:#97c700;\nborder-color:#97c700;\n}\n.av_font_icon.av-34jupb9-0294ad1c0d67684e3991d614e6a54efd .av-icon-char{\nfont-size:40px;\nline-height:40px;\n}\n<\/style>\n<span  class='av_font_icon av-34jupb9-0294ad1c0d67684e3991d614e6a54efd avia_animate_when_visible av-icon-style- avia-icon-pos-center avia-icon-animate'><span class='av-icon-char' aria-hidden='true' data-av_icon='\ue856' data-av_iconfont='fontawesome' ><\/span><\/span><br \/>\n\n<style type=\"text\/css\" data-created_by=\"avia_inline_auto\" id=\"style-css-av-1a0pzt1-91233d29192332808e42af681e31a52d\">\n#top .hr.hr-invisible.av-1a0pzt1-91233d29192332808e42af681e31a52d{\nheight:20px;\n}\n<\/style>\n<div  class='hr av-1a0pzt1-91233d29192332808e42af681e31a52d hr-invisible  avia-builder-el-17  el_after_av_font_icon  el_before_av_textblock  av-mini-hide'><span class='hr-inner '><span class=\"hr-inner-style\"><\/span><\/span><\/div><br \/>\n<section  class='av_textblock_section av-llp2bugo-61d849f62114107d63e9410bdb15933f '   itemscope=\"itemscope\" itemtype=\"https:\/\/schema.org\/CreativeWork\" ><div class='avia_textblock'  itemprop=\"text\" ><h4 style=\"text-align: center;\">Gericht<\/h4>\n<\/div><\/section><\/p><\/div><div  class='flex_column av-2feiyud-f3a2a5bcf430325e62c241e2cfeaa8b9 av_one_fourth  avia-builder-el-19  el_after_av_one_fourth  el_before_av_one_fourth  flex_column_div av-hide-on-mobile  '     ><p>\n<style type=\"text\/css\" data-created_by=\"avia_inline_auto\" id=\"style-css-av-21y0eqt-0fbd29115b947b999568162fd42c4510\">\n.av_font_icon.av-21y0eqt-0fbd29115b947b999568162fd42c4510{\ncolor:#97c700;\nborder-color:#97c700;\n}\n.av_font_icon.av-21y0eqt-0fbd29115b947b999568162fd42c4510 .av-icon-char{\nfont-size:40px;\nline-height:40px;\n}\n<\/style>\n<span  class='av_font_icon av-21y0eqt-0fbd29115b947b999568162fd42c4510 avia_animate_when_visible av-icon-style- avia-icon-pos-center avia-icon-animate'><span class='av-icon-char' aria-hidden='true' data-av_icon='\ue856' data-av_iconfont='fontawesome' ><\/span><\/span><br \/>\n\n<style type=\"text\/css\" data-created_by=\"avia_inline_auto\" id=\"style-css-av-imwgcl-8b683d8b3c263fd4f56b124a3aff0ce0\">\n#top .hr.hr-invisible.av-imwgcl-8b683d8b3c263fd4f56b124a3aff0ce0{\nheight:20px;\n}\n<\/style>\n<div  class='hr av-imwgcl-8b683d8b3c263fd4f56b124a3aff0ce0 hr-invisible  avia-builder-el-21  el_after_av_font_icon  el_before_av_textblock  av-mini-hide'><span class='hr-inner '><span class=\"hr-inner-style\"><\/span><\/span><\/div><br \/>\n<section  class='av_textblock_section av-llp2c3dh-4dd44b6ee365241a3d169217e33bb63f '   itemscope=\"itemscope\" itemtype=\"https:\/\/schema.org\/CreativeWork\" ><div class='avia_textblock'  itemprop=\"text\" ><h4 style=\"text-align: center;\">Effectief<\/h4>\n<\/div><\/section><\/p><\/div><div  class='flex_column av-1mq7h1h-3019370561763c39147c8c35aa692731 av_one_fourth  avia-builder-el-23  el_after_av_one_fourth  el_before_av_hr  flex_column_div av-hide-on-mobile  '     ><p>\n<style type=\"text\/css\" data-created_by=\"avia_inline_auto\" id=\"style-css-av-12va5tx-13456ee3e5770d924cb4d78719230d91\">\n.av_font_icon.av-12va5tx-13456ee3e5770d924cb4d78719230d91{\ncolor:#97c700;\nborder-color:#97c700;\n}\n.av_font_icon.av-12va5tx-13456ee3e5770d924cb4d78719230d91 .av-icon-char{\nfont-size:40px;\nline-height:40px;\n}\n<\/style>\n<span  class='av_font_icon av-12va5tx-13456ee3e5770d924cb4d78719230d91 avia_animate_when_visible av-icon-style- avia-icon-pos-center avia-icon-animate'><span class='av-icon-char' aria-hidden='true' data-av_icon='\ue856' data-av_iconfont='fontawesome' ><\/span><\/span><br \/>\n\n<style type=\"text\/css\" data-created_by=\"avia_inline_auto\" id=\"style-css-av-llp2tyru-6764f28316c00b0662971f3161149d78\">\n#top .hr.hr-invisible.av-llp2tyru-6764f28316c00b0662971f3161149d78{\nheight:20px;\n}\n<\/style>\n<div  class='hr av-llp2tyru-6764f28316c00b0662971f3161149d78 hr-invisible  avia-builder-el-25  el_after_av_font_icon  el_before_av_textblock  av-mini-hide'><span class='hr-inner '><span class=\"hr-inner-style\"><\/span><\/span><\/div><br \/>\n<section  class='av_textblock_section av-llp2ceci-09a3e0a347947a75dd845af79d45109a '   itemscope=\"itemscope\" itemtype=\"https:\/\/schema.org\/CreativeWork\" ><div class='avia_textblock'  itemprop=\"text\" ><h4 style=\"text-align: center;\">Betaalbaar<\/h4>\n<\/div><\/section><\/p><\/div>\n<style type=\"text\/css\" data-created_by=\"avia_inline_auto\" id=\"style-css-av-llp2sv75-d31b5376f83a7430fe17dc6cc4801c51\">\n#top .hr.hr-invisible.av-llp2sv75-d31b5376f83a7430fe17dc6cc4801c51{\nheight:50px;\n}\n<\/style>\n<div  class='hr av-llp2sv75-d31b5376f83a7430fe17dc6cc4801c51 hr-invisible  avia-builder-el-27  el_after_av_one_fourth  avia-builder-el-last  av-mini-hide'><span class='hr-inner '><span class=\"hr-inner-style\"><\/span><\/span><\/div>\n<\/div><\/div><\/div><!-- close content main div --><\/div><\/div>\n<style type=\"text\/css\" data-created_by=\"avia_inline_auto\" id=\"style-css-av-2y5347b-994aac736364935bcd1dea9f8d6d223a\">\n.avia-section.av-2y5347b-994aac736364935bcd1dea9f8d6d223a{\nbackground-color:#000000;\nbackground-image:url(https:\/\/www.nettl.com\/nl\/wp-content\/uploads\/2024\/03\/Branded-Merchandise-iPhone.jpg);\nbackground-repeat:no-repeat;\nbackground-position:0% 50%;\nbackground-attachment:scroll;\n}\n<\/style>\n<div id='av_section_4'  class='avia-section av-2y5347b-994aac736364935bcd1dea9f8d6d223a main_color avia-section-large avia-no-border-styling  avia-builder-el-28  el_after_av_section  avia-builder-el-last  avia-bg-style-scroll container_wrap sidebar_right'  data-section-bg-repeat='no-repeat'><div class='container av-section-cont-open' ><div class='template-page content  av-content-small alpha units'><div class='post-entry post-entry-type-page post-entry-20203'><div class='entry-content-wrapper clearfix'>\n\n<style type=\"text\/css\" data-created_by=\"avia_inline_auto\" id=\"style-css-av-2k4qtnr-a1b75b4bdd6201176356ee794f5d29ea\">\n#top .hr.hr-invisible.av-2k4qtnr-a1b75b4bdd6201176356ee794f5d29ea{\nheight:50px;\n}\n<\/style>\n<div  class='hr av-2k4qtnr-a1b75b4bdd6201176356ee794f5d29ea hr-invisible  avia-builder-el-29  el_before_av_three_fifth  avia-builder-el-first  av-mini-hide'><span class='hr-inner '><span class=\"hr-inner-style\"><\/span><\/span><\/div>\n<div  class='flex_column av-1x66qiv-fe995397cd2cf9c7d63ce8c64f492f4d av_three_fifth  avia-builder-el-30  el_after_av_hr  el_before_av_two_fifth  first flex_column_div  '     ><style type=\"text\/css\" data-created_by=\"avia_inline_auto\" id=\"style-css-av-lpl5ey80-d40a7fde30e76ea318bcf32d728d102d\">\n#top .av_textblock_section.av-lpl5ey80-d40a7fde30e76ea318bcf32d728d102d .avia_textblock{\ncolor:#ffffff;\n}\n<\/style>\n<section  class='av_textblock_section av-lpl5ey80-d40a7fde30e76ea318bcf32d728d102d '   itemscope=\"itemscope\" itemtype=\"https:\/\/schema.org\/CreativeWork\" ><div class='avia_textblock av_inherit_color'  itemprop=\"text\" ><h2>Voeg nieuwe pagina&#8217;s toe naarmate je bedrijf groeit.<\/h2>\n<p>Een ander voordeel van landingspagina&#8217;s op websites is dat je ze kunt toevoegen wanneer dat nodig is. Naarmate je bedrijf groeit, kan het zijn dat je nieuwe inhoud of functionaliteit moet toevoegen die je in het begin niet nodig had (of waar je het budget niet voor had).<\/p>\n<p><strong>Klinkt goed!<\/strong> <strong>Wat is de volgende stap?<\/strong><\/p>\n<p>Neem contact op met je lokale Nettl studio om een aantal van onze meest recente landingspagina-voorbeelden te bekijken. Of kom langs en vertel ons wat je online wilt bereiken en wij adviseren je over de beste landingspagina&#8217;s om aan je website toe te voegen.<\/p>\n<\/div><\/section><br \/>\n<div  class='avia-button-wrap av-1jm5pyf-8f06c9d85fc0698513b470284bc280aa-wrap avia-button-left  avia-builder-el-32  el_after_av_textblock  avia-builder-el-last '><a href='https:\/\/www.nettl.com\/nl\/studio-locator'  class='avia-button av-1jm5pyf-8f06c9d85fc0698513b470284bc280aa av-link-btn avia-icon_select-no avia-size-medium avia-position-left avia-color-light'  ><span class='avia_iconbox_title' >Zoek een studio<\/span><\/a><\/div><\/p><\/div><div  class='flex_column av-116forr-2f65d258276f9ad238a54befc98b3535 av_two_fifth  avia-builder-el-33  el_after_av_three_fifth  avia-builder-el-last  flex_column_div  '     ><\/div><\/div><\/div><\/div><!-- close content main div --><\/div><\/div><div id='after_section_4'  class='main_color av_default_container_wrap container_wrap sidebar_right'  ><div class='container av-section-cont-open' ><div class='template-page content  av-content-small alpha units'><div class='post-entry post-entry-type-page post-entry-20203'><div class='entry-content-wrapper clearfix'><\/p>\n","protected":false},"excerpt":{"rendered":"<p>Vraag je lokale Nettl studio om nieuwe landingspagina&#8217;s op je website te bouwen om aan specifieke zoekopdrachten te voldoen of om je producten en diensten uit te breiden.<\/p>\n","protected":false},"author":145,"featured_media":20205,"parent":0,"menu_order":0,"comment_status":"closed","ping_status":"closed","template":"","meta":{"_acf_changed":false,"inline_featured_image":false,"footnotes":""},"class_list":["post-20203","page","type-page","status-publish","has-post-thumbnail","hentry"],"acf":[],"yoast_head":"<!-- This site is optimized with the Yoast SEO plugin v26.4 - https:\/\/yoast.com\/wordpress\/plugins\/seo\/ -->\n<title>Landing Pages : nettl.com<\/title>\n<meta name=\"robots\" content=\"index, follow, max-snippet:-1, max-image-preview:large, max-video-preview:-1\" \/>\n<link rel=\"canonical\" href=\"https:\/\/www.nettl.com\/nl\/landing-pages\/\" \/>\n<meta property=\"og:locale\" content=\"nl_NL\" \/>\n<meta property=\"og:type\" content=\"article\" \/>\n<meta property=\"og:title\" content=\"Landing Pages : nettl.com\" \/>\n<meta property=\"og:description\" content=\"Vraag je lokale Nettl studio om nieuwe landingspagina&#039;s op je website te bouwen om aan specifieke zoekopdrachten te voldoen of om je producten en diensten uit te breiden.\" \/>\n<meta property=\"og:url\" content=\"https:\/\/www.nettl.com\/nl\/landing-pages\/\" \/>\n<meta property=\"og:site_name\" content=\"Nettl\" \/>\n<meta property=\"article:publisher\" content=\"https:\/\/www.facebook.com\/NettlNL\/\" \/>\n<meta property=\"article:modified_time\" content=\"2024-03-14T15:48:18+00:00\" \/>\n<meta property=\"og:image\" content=\"https:\/\/www.nettl.com\/nl\/wp-content\/uploads\/2024\/03\/Landing-Pages.jpg\" \/>\n\t<meta property=\"og:image:width\" content=\"500\" \/>\n\t<meta property=\"og:image:height\" content=\"500\" \/>\n\t<meta property=\"og:image:type\" content=\"image\/jpeg\" \/>\n<meta name=\"twitter:label1\" content=\"Geschatte leestijd\" \/>\n\t<meta name=\"twitter:data1\" content=\"11 minuten\" \/>\n<script type=\"application\/ld+json\" class=\"yoast-schema-graph\">{\"@context\":\"https:\/\/schema.org\",\"@graph\":[{\"@type\":\"WebPage\",\"@id\":\"https:\/\/www.nettl.com\/nl\/landing-pages\/\",\"url\":\"https:\/\/www.nettl.com\/nl\/landing-pages\/\",\"name\":\"Landing Pages : nettl.com\",\"isPartOf\":{\"@id\":\"https:\/\/www.nettl.com\/nl\/#website\"},\"primaryImageOfPage\":{\"@id\":\"https:\/\/www.nettl.com\/nl\/landing-pages\/#primaryimage\"},\"image\":{\"@id\":\"https:\/\/www.nettl.com\/nl\/landing-pages\/#primaryimage\"},\"thumbnailUrl\":\"https:\/\/www.nettl.com\/nl\/wp-content\/uploads\/2024\/03\/Landing-Pages.jpg\",\"datePublished\":\"2024-03-07T16:31:18+00:00\",\"dateModified\":\"2024-03-14T15:48:18+00:00\",\"breadcrumb\":{\"@id\":\"https:\/\/www.nettl.com\/nl\/landing-pages\/#breadcrumb\"},\"inLanguage\":\"nl-NL\",\"potentialAction\":[{\"@type\":\"ReadAction\",\"target\":[\"https:\/\/www.nettl.com\/nl\/landing-pages\/\"]}]},{\"@type\":\"ImageObject\",\"inLanguage\":\"nl-NL\",\"@id\":\"https:\/\/www.nettl.com\/nl\/landing-pages\/#primaryimage\",\"url\":\"https:\/\/www.nettl.com\/nl\/wp-content\/uploads\/2024\/03\/Landing-Pages.jpg\",\"contentUrl\":\"https:\/\/www.nettl.com\/nl\/wp-content\/uploads\/2024\/03\/Landing-Pages.jpg\",\"width\":500,\"height\":500},{\"@type\":\"BreadcrumbList\",\"@id\":\"https:\/\/www.nettl.com\/nl\/landing-pages\/#breadcrumb\",\"itemListElement\":[{\"@type\":\"ListItem\",\"position\":1,\"name\":\"Home\",\"item\":\"https:\/\/www.nettl.com\/nl\/home\/\"},{\"@type\":\"ListItem\",\"position\":2,\"name\":\"Landing Pages\"}]},{\"@type\":\"WebSite\",\"@id\":\"https:\/\/www.nettl.com\/nl\/#website\",\"url\":\"https:\/\/www.nettl.com\/nl\/\",\"name\":\"Nettl\",\"description\":\"Je lokale studio voor webdesign, signing en print\",\"publisher\":{\"@id\":\"https:\/\/www.nettl.com\/nl\/#organization\"},\"potentialAction\":[{\"@type\":\"SearchAction\",\"target\":{\"@type\":\"EntryPoint\",\"urlTemplate\":\"https:\/\/www.nettl.com\/nl\/?s={search_term_string}\"},\"query-input\":{\"@type\":\"PropertyValueSpecification\",\"valueRequired\":true,\"valueName\":\"search_term_string\"}}],\"inLanguage\":\"nl-NL\"},{\"@type\":\"Organization\",\"@id\":\"https:\/\/www.nettl.com\/nl\/#organization\",\"name\":\"Nettl\",\"url\":\"https:\/\/www.nettl.com\/nl\/\",\"logo\":{\"@type\":\"ImageObject\",\"inLanguage\":\"nl-NL\",\"@id\":\"https:\/\/www.nettl.com\/nl\/#\/schema\/logo\/image\/\",\"url\":\"https:\/\/www.nettl.com\/nl\/wp-content\/uploads\/2015\/03\/n.png\",\"contentUrl\":\"https:\/\/www.nettl.com\/nl\/wp-content\/uploads\/2015\/03\/n.png\",\"width\":260,\"height\":260,\"caption\":\"Nettl\"},\"image\":{\"@id\":\"https:\/\/www.nettl.com\/nl\/#\/schema\/logo\/image\/\"},\"sameAs\":[\"https:\/\/www.facebook.com\/NettlNL\/\",\"https:\/\/www.instagram.com\/nettl_nl\/\"]}]}<\/script>\n<!-- \/ Yoast SEO plugin. -->","yoast_head_json":{"title":"Landing Pages : nettl.com","robots":{"index":"index","follow":"follow","max-snippet":"max-snippet:-1","max-image-preview":"max-image-preview:large","max-video-preview":"max-video-preview:-1"},"canonical":"https:\/\/www.nettl.com\/nl\/landing-pages\/","og_locale":"nl_NL","og_type":"article","og_title":"Landing Pages : nettl.com","og_description":"Vraag je lokale Nettl studio om nieuwe landingspagina's op je website te bouwen om aan specifieke zoekopdrachten te voldoen of om je producten en diensten uit te breiden.","og_url":"https:\/\/www.nettl.com\/nl\/landing-pages\/","og_site_name":"Nettl","article_publisher":"https:\/\/www.facebook.com\/NettlNL\/","article_modified_time":"2024-03-14T15:48:18+00:00","og_image":[{"width":500,"height":500,"url":"https:\/\/www.nettl.com\/nl\/wp-content\/uploads\/2024\/03\/Landing-Pages.jpg","type":"image\/jpeg"}],"twitter_misc":{"Geschatte leestijd":"11 minuten"},"schema":{"@context":"https:\/\/schema.org","@graph":[{"@type":"WebPage","@id":"https:\/\/www.nettl.com\/nl\/landing-pages\/","url":"https:\/\/www.nettl.com\/nl\/landing-pages\/","name":"Landing Pages : nettl.com","isPartOf":{"@id":"https:\/\/www.nettl.com\/nl\/#website"},"primaryImageOfPage":{"@id":"https:\/\/www.nettl.com\/nl\/landing-pages\/#primaryimage"},"image":{"@id":"https:\/\/www.nettl.com\/nl\/landing-pages\/#primaryimage"},"thumbnailUrl":"https:\/\/www.nettl.com\/nl\/wp-content\/uploads\/2024\/03\/Landing-Pages.jpg","datePublished":"2024-03-07T16:31:18+00:00","dateModified":"2024-03-14T15:48:18+00:00","breadcrumb":{"@id":"https:\/\/www.nettl.com\/nl\/landing-pages\/#breadcrumb"},"inLanguage":"nl-NL","potentialAction":[{"@type":"ReadAction","target":["https:\/\/www.nettl.com\/nl\/landing-pages\/"]}]},{"@type":"ImageObject","inLanguage":"nl-NL","@id":"https:\/\/www.nettl.com\/nl\/landing-pages\/#primaryimage","url":"https:\/\/www.nettl.com\/nl\/wp-content\/uploads\/2024\/03\/Landing-Pages.jpg","contentUrl":"https:\/\/www.nettl.com\/nl\/wp-content\/uploads\/2024\/03\/Landing-Pages.jpg","width":500,"height":500},{"@type":"BreadcrumbList","@id":"https:\/\/www.nettl.com\/nl\/landing-pages\/#breadcrumb","itemListElement":[{"@type":"ListItem","position":1,"name":"Home","item":"https:\/\/www.nettl.com\/nl\/home\/"},{"@type":"ListItem","position":2,"name":"Landing Pages"}]},{"@type":"WebSite","@id":"https:\/\/www.nettl.com\/nl\/#website","url":"https:\/\/www.nettl.com\/nl\/","name":"Nettl","description":"Je lokale studio voor webdesign, signing en print","publisher":{"@id":"https:\/\/www.nettl.com\/nl\/#organization"},"potentialAction":[{"@type":"SearchAction","target":{"@type":"EntryPoint","urlTemplate":"https:\/\/www.nettl.com\/nl\/?s={search_term_string}"},"query-input":{"@type":"PropertyValueSpecification","valueRequired":true,"valueName":"search_term_string"}}],"inLanguage":"nl-NL"},{"@type":"Organization","@id":"https:\/\/www.nettl.com\/nl\/#organization","name":"Nettl","url":"https:\/\/www.nettl.com\/nl\/","logo":{"@type":"ImageObject","inLanguage":"nl-NL","@id":"https:\/\/www.nettl.com\/nl\/#\/schema\/logo\/image\/","url":"https:\/\/www.nettl.com\/nl\/wp-content\/uploads\/2015\/03\/n.png","contentUrl":"https:\/\/www.nettl.com\/nl\/wp-content\/uploads\/2015\/03\/n.png","width":260,"height":260,"caption":"Nettl"},"image":{"@id":"https:\/\/www.nettl.com\/nl\/#\/schema\/logo\/image\/"},"sameAs":["https:\/\/www.facebook.com\/NettlNL\/","https:\/\/www.instagram.com\/nettl_nl\/"]}]}},"_links":{"self":[{"href":"https:\/\/www.nettl.com\/nl\/wp-json\/wp\/v2\/pages\/20203","targetHints":{"allow":["GET"]}}],"collection":[{"href":"https:\/\/www.nettl.com\/nl\/wp-json\/wp\/v2\/pages"}],"about":[{"href":"https:\/\/www.nettl.com\/nl\/wp-json\/wp\/v2\/types\/page"}],"author":[{"embeddable":true,"href":"https:\/\/www.nettl.com\/nl\/wp-json\/wp\/v2\/users\/145"}],"replies":[{"embeddable":true,"href":"https:\/\/www.nettl.com\/nl\/wp-json\/wp\/v2\/comments?post=20203"}],"version-history":[{"count":12,"href":"https:\/\/www.nettl.com\/nl\/wp-json\/wp\/v2\/pages\/20203\/revisions"}],"predecessor-version":[{"id":20218,"href":"https:\/\/www.nettl.com\/nl\/wp-json\/wp\/v2\/pages\/20203\/revisions\/20218"}],"wp:featuredmedia":[{"embeddable":true,"href":"https:\/\/www.nettl.com\/nl\/wp-json\/wp\/v2\/media\/20205"}],"wp:attachment":[{"href":"https:\/\/www.nettl.com\/nl\/wp-json\/wp\/v2\/media?parent=20203"}],"curies":[{"name":"wp","href":"https:\/\/api.w.org\/{rel}","templated":true}]}}